{"id":145709786,"date":"2024-07-29T18:02:49","date_gmt":"2024-07-29T16:02:49","guid":{"rendered":"https:\/\/toytrend.nl\/?post_type=product&#038;p=145709786"},"modified":"2024-07-29T18:02:49","modified_gmt":"2024-07-29T16:02:49","slug":"pokemon-back-to-school-2023-collector39s-chest-pokmon-kaarten","status":"publish","type":"product","link":"https:\/\/toytrend.nl\/en\/speelgoed\/pokemon-back-to-school-2023-collector39s-chest-pokmon-kaarten\/","title":{"rendered":"Pokemon \u2013 Back to School 2023 Collector39s Chest \u2013 Pokemon Cards"},"content":{"rendered":"<p>Discover the magic of Pok\u00e9mon with the Pok\u00e9mon Back to School Collector Chest, a treasure chest full of adventure and collecting fun<\/p>\n<p>The Pok\u00e9mon Back to School Collector Chest is the ultimate treasure for any Pok\u00e9mon fan and collector.<br \/>When you open the chest, you&#039;ll be greeted by a dazzling collection of Pok\u00e9mon goodies.<\/p>\n<p>With the Pok\u00e9mon Back to School Collector Chest, you&#039;re all set to experience your school adventures. Whether you&#039;re taking notes in class, expressing your creativity in drawings, or showing off your collected goodies to your friends, this chest has everything you need.<\/p>\n<p>Make your school year unforgettable with the Pok\u00e9mon Back to School Collector Chest. Catch them all and collect memories that will last a lifetime<\/p>\n<p>The Pok\u00e9mon Back to School Collector Chest contains<br \/>6 Pok\u00e9mon boosters<br \/>3 promo cards<br \/>4 sticker sheets<br \/>1 mini portfolio<br \/>1 coin<br \/>1 code card for Pok\u00e9mon TCG online<\/p>\n<li><b>Brand: <\/b>Pok\u00e9mon<\/li>\n<li><b>Age: <\/b>6 years<\/li>\n<li><b>Weight: <\/b>530<\/li>\n<li><b>Height: <\/b><\/li>\n<li><b>Width: <\/b><\/li>\n<li><b>Material: <\/b>Metal<\/li>","protected":false},"excerpt":{"rendered":"<p>Ontdek de magie van Pok\u00e9mon met de Pok\u00e9mon Back to School Collector Chest een schatkist vol avontuur en verzamelplezier De Pok\u00e9mon Back to School Collector Chest is de ultieme schat voor elke Pok\u00e9mon-fan en verzamelaar.Als je de kist opent, word je begroet door een schitterende verzameling van Pok\u00e9mon-goodies. Met de Pok\u00e9mon Back to School Collector [&hellip;]<\/p>\n","protected":false},"featured_media":145709785,"comment_status":"open","ping_status":"closed","template":"","meta":[],"product_cat":[906],"product_tag":[],"class_list":{"0":"post-145709786","1":"product","2":"type-product","3":"status-publish","4":"has-post-thumbnail","6":"product_brand-pokemon","7":"product_cat-trading-cards","9":"first","10":"outofstock","11":"taxable","12":"shipping-taxable","13":"purchasable","14":"product-type-simple","15":"add-to-wishlist-after_add_to_cart"},"yoast_head":"<!-- This site is optimized with the Yoast SEO plugin v27.5 - https:\/\/yoast.com\/product\/yoast-seo-wordpress\/ -->\n<title>Pokemon - Back to School 2023 Collector39s Chest - Pokmon Kaarten - Toy Trend<\/title>\n<meta name=\"robots\" content=\"index, follow, max-snippet:-1, max-image-preview:large, max-video-preview:-1\" \/>\n<link rel=\"canonical\" href=\"https:\/\/toytrend.nl\/en\/speelgoed\/pokemon-back-to-school-2023-collector39s-chest-pokmon-kaarten\/\" \/>\n<meta property=\"og:locale\" content=\"en_GB\" \/>\n<meta property=\"og:type\" content=\"article\" \/>\n<meta property=\"og:title\" content=\"Pokemon - Back to School 2023 Collector39s Chest - Pokmon Kaarten - Toy Trend\" \/>\n<meta property=\"og:description\" content=\"Ontdek de magie van Pok\u00e9mon met de Pok\u00e9mon Back to School Collector Chest een schatkist vol avontuur en verzamelplezier De Pok\u00e9mon Back to School Collector Chest is de ultieme schat voor elke Pok\u00e9mon-fan en verzamelaar.Als je de kist opent, word je begroet door een schitterende verzameling van Pok\u00e9mon-goodies. Met de Pok\u00e9mon Back to School Collector [&hellip;]\" \/>\n<meta property=\"og:url\" content=\"https:\/\/toytrend.nl\/en\/speelgoed\/pokemon-back-to-school-2023-collector39s-chest-pokmon-kaarten\/\" \/>\n<meta property=\"og:site_name\" content=\"Toy Trend\" \/>\n<meta property=\"og:image\" content=\"https:\/\/toytrend.nl\/wp-content\/uploads\/2024\/07\/1174x1200-1.jpg\" \/>\n\t<meta property=\"og:image:width\" content=\"1174\" \/>\n\t<meta property=\"og:image:height\" content=\"1200\" \/>\n\t<meta property=\"og:image:type\" content=\"image\/jpeg\" \/>\n<meta name=\"twitter:card\" content=\"summary_large_image\" \/>\n<meta name=\"twitter:label1\" content=\"Estimated reading time\" \/>\n\t<meta name=\"twitter:data1\" content=\"1 minute\" \/>\n<script type=\"application\/ld+json\" class=\"yoast-schema-graph\">{\"@context\":\"https:\\\/\\\/schema.org\",\"@graph\":[{\"@type\":\"WebPage\",\"@id\":\"https:\\\/\\\/toytrend.nl\\\/speelgoed\\\/pokemon-back-to-school-2023-collector39s-chest-pokmon-kaarten\\\/\",\"url\":\"https:\\\/\\\/toytrend.nl\\\/speelgoed\\\/pokemon-back-to-school-2023-collector39s-chest-pokmon-kaarten\\\/\",\"name\":\"Pokemon - Back to School 2023 Collector39s Chest - Pokmon Kaarten - Toy Trend\",\"isPartOf\":{\"@id\":\"https:\\\/\\\/toytrend.nl\\\/#website\"},\"primaryImageOfPage\":{\"@id\":\"https:\\\/\\\/toytrend.nl\\\/speelgoed\\\/pokemon-back-to-school-2023-collector39s-chest-pokmon-kaarten\\\/#primaryimage\"},\"image\":{\"@id\":\"https:\\\/\\\/toytrend.nl\\\/speelgoed\\\/pokemon-back-to-school-2023-collector39s-chest-pokmon-kaarten\\\/#primaryimage\"},\"thumbnailUrl\":\"https:\\\/\\\/toytrend.nl\\\/wp-content\\\/uploads\\\/2024\\\/07\\\/1174x1200-1.jpg\",\"datePublished\":\"2024-07-29T16:02:49+00:00\",\"breadcrumb\":{\"@id\":\"https:\\\/\\\/toytrend.nl\\\/speelgoed\\\/pokemon-back-to-school-2023-collector39s-chest-pokmon-kaarten\\\/#breadcrumb\"},\"inLanguage\":\"en-GB\",\"potentialAction\":[{\"@type\":\"ReadAction\",\"target\":[\"https:\\\/\\\/toytrend.nl\\\/speelgoed\\\/pokemon-back-to-school-2023-collector39s-chest-pokmon-kaarten\\\/\"]}]},{\"@type\":\"ImageObject\",\"inLanguage\":\"en-GB\",\"@id\":\"https:\\\/\\\/toytrend.nl\\\/speelgoed\\\/pokemon-back-to-school-2023-collector39s-chest-pokmon-kaarten\\\/#primaryimage\",\"url\":\"https:\\\/\\\/toytrend.nl\\\/wp-content\\\/uploads\\\/2024\\\/07\\\/1174x1200-1.jpg\",\"contentUrl\":\"https:\\\/\\\/toytrend.nl\\\/wp-content\\\/uploads\\\/2024\\\/07\\\/1174x1200-1.jpg\",\"width\":1174,\"height\":1200},{\"@type\":\"BreadcrumbList\",\"@id\":\"https:\\\/\\\/toytrend.nl\\\/speelgoed\\\/pokemon-back-to-school-2023-collector39s-chest-pokmon-kaarten\\\/#breadcrumb\",\"itemListElement\":[{\"@type\":\"ListItem\",\"position\":1,\"name\":\"Home\",\"item\":\"https:\\\/\\\/toytrend.nl\\\/\"},{\"@type\":\"ListItem\",\"position\":2,\"name\":\"Shop\",\"item\":\"https:\\\/\\\/toytrend.nl\\\/shop\\\/\"},{\"@type\":\"ListItem\",\"position\":3,\"name\":\"Pokemon &#8211; Back to School 2023 Collector39s Chest &#8211; Pokmon Kaarten\"}]},{\"@type\":\"WebSite\",\"@id\":\"https:\\\/\\\/toytrend.nl\\\/#website\",\"url\":\"https:\\\/\\\/toytrend.nl\\\/\",\"name\":\"Toy Trend\",\"description\":\"meer dan 1001 speel idee\u00ebn\",\"potentialAction\":[{\"@type\":\"SearchAction\",\"target\":{\"@type\":\"EntryPoint\",\"urlTemplate\":\"https:\\\/\\\/toytrend.nl\\\/?s={search_term_string}\"},\"query-input\":{\"@type\":\"PropertyValueSpecification\",\"valueRequired\":true,\"valueName\":\"search_term_string\"}}],\"inLanguage\":\"en-GB\"}]}<\/script>\n<!-- \/ Yoast SEO plugin. -->","yoast_head_json":{"title":"Pokemon - Back to School 2023 Collector39s Chest - Pokmon Kaarten - Toy Trend","robots":{"index":"index","follow":"follow","max-snippet":"max-snippet:-1","max-image-preview":"max-image-preview:large","max-video-preview":"max-video-preview:-1"},"canonical":"https:\/\/toytrend.nl\/en\/speelgoed\/pokemon-back-to-school-2023-collector39s-chest-pokmon-kaarten\/","og_locale":"en_GB","og_type":"article","og_title":"Pokemon - Back to School 2023 Collector39s Chest - Pokmon Kaarten - Toy Trend","og_description":"Ontdek de magie van Pok\u00e9mon met de Pok\u00e9mon Back to School Collector Chest een schatkist vol avontuur en verzamelplezier De Pok\u00e9mon Back to School Collector Chest is de ultieme schat voor elke Pok\u00e9mon-fan en verzamelaar.Als je de kist opent, word je begroet door een schitterende verzameling van Pok\u00e9mon-goodies. Met de Pok\u00e9mon Back to School Collector [&hellip;]","og_url":"https:\/\/toytrend.nl\/en\/speelgoed\/pokemon-back-to-school-2023-collector39s-chest-pokmon-kaarten\/","og_site_name":"Toy Trend","og_image":[{"width":1174,"height":1200,"url":"https:\/\/toytrend.nl\/wp-content\/uploads\/2024\/07\/1174x1200-1.jpg","type":"image\/jpeg"}],"twitter_card":"summary_large_image","twitter_misc":{"Estimated reading time":"1 minute"},"schema":{"@context":"https:\/\/schema.org","@graph":[{"@type":"WebPage","@id":"https:\/\/toytrend.nl\/speelgoed\/pokemon-back-to-school-2023-collector39s-chest-pokmon-kaarten\/","url":"https:\/\/toytrend.nl\/speelgoed\/pokemon-back-to-school-2023-collector39s-chest-pokmon-kaarten\/","name":"Pokemon - Back to School 2023 Collector39s Chest - Pokmon Kaarten - Toy Trend","isPartOf":{"@id":"https:\/\/toytrend.nl\/#website"},"primaryImageOfPage":{"@id":"https:\/\/toytrend.nl\/speelgoed\/pokemon-back-to-school-2023-collector39s-chest-pokmon-kaarten\/#primaryimage"},"image":{"@id":"https:\/\/toytrend.nl\/speelgoed\/pokemon-back-to-school-2023-collector39s-chest-pokmon-kaarten\/#primaryimage"},"thumbnailUrl":"https:\/\/toytrend.nl\/wp-content\/uploads\/2024\/07\/1174x1200-1.jpg","datePublished":"2024-07-29T16:02:49+00:00","breadcrumb":{"@id":"https:\/\/toytrend.nl\/speelgoed\/pokemon-back-to-school-2023-collector39s-chest-pokmon-kaarten\/#breadcrumb"},"inLanguage":"en-GB","potentialAction":[{"@type":"ReadAction","target":["https:\/\/toytrend.nl\/speelgoed\/pokemon-back-to-school-2023-collector39s-chest-pokmon-kaarten\/"]}]},{"@type":"ImageObject","inLanguage":"en-GB","@id":"https:\/\/toytrend.nl\/speelgoed\/pokemon-back-to-school-2023-collector39s-chest-pokmon-kaarten\/#primaryimage","url":"https:\/\/toytrend.nl\/wp-content\/uploads\/2024\/07\/1174x1200-1.jpg","contentUrl":"https:\/\/toytrend.nl\/wp-content\/uploads\/2024\/07\/1174x1200-1.jpg","width":1174,"height":1200},{"@type":"BreadcrumbList","@id":"https:\/\/toytrend.nl\/speelgoed\/pokemon-back-to-school-2023-collector39s-chest-pokmon-kaarten\/#breadcrumb","itemListElement":[{"@type":"ListItem","position":1,"name":"Home","item":"https:\/\/toytrend.nl\/"},{"@type":"ListItem","position":2,"name":"Shop","item":"https:\/\/toytrend.nl\/shop\/"},{"@type":"ListItem","position":3,"name":"Pokemon &#8211; Back to School 2023 Collector39s Chest &#8211; Pokmon Kaarten"}]},{"@type":"WebSite","@id":"https:\/\/toytrend.nl\/#website","url":"https:\/\/toytrend.nl\/","name":"Toy Trend","description":"more than 1001 play ideas","potentialAction":[{"@type":"SearchAction","target":{"@type":"EntryPoint","urlTemplate":"https:\/\/toytrend.nl\/?s={search_term_string}"},"query-input":{"@type":"PropertyValueSpecification","valueRequired":true,"valueName":"search_term_string"}}],"inLanguage":"en-GB"}]}},"jetpack_sharing_enabled":true,"_links":{"self":[{"href":"https:\/\/toytrend.nl\/en\/wp-json\/wp\/v2\/product\/145709786","targetHints":{"allow":["GET"]}}],"collection":[{"href":"https:\/\/toytrend.nl\/en\/wp-json\/wp\/v2\/product"}],"about":[{"href":"https:\/\/toytrend.nl\/en\/wp-json\/wp\/v2\/types\/product"}],"replies":[{"embeddable":true,"href":"https:\/\/toytrend.nl\/en\/wp-json\/wp\/v2\/comments?post=145709786"}],"wp:featuredmedia":[{"embeddable":true,"href":"https:\/\/toytrend.nl\/en\/wp-json\/wp\/v2\/media\/145709785"}],"wp:attachment":[{"href":"https:\/\/toytrend.nl\/en\/wp-json\/wp\/v2\/media?parent=145709786"}],"wp:term":[{"taxonomy":"product_cat","embeddable":true,"href":"https:\/\/toytrend.nl\/en\/wp-json\/wp\/v2\/product_cat?post=145709786"},{"taxonomy":"product_tag","embeddable":true,"href":"https:\/\/toytrend.nl\/en\/wp-json\/wp\/v2\/product_tag?post=145709786"}],"curies":[{"name":"wp","href":"https:\/\/api.w.org\/{rel}","templated":true}]}}